{"id":1350,"date":"2023-03-27T22:04:58","date_gmt":"2023-03-28T02:04:58","guid":{"rendered":"https:\/\/kwmconsulting.com\/?page_id=1350"},"modified":"2023-03-28T07:56:51","modified_gmt":"2023-03-28T11:56:51","slug":"services-de-gestion-dassociation","status":"publish","type":"page","link":"https:\/\/kwmconsulting.com\/fr\/services-de-gestion-dassociation\/","title":{"rendered":"Services de gestion d&rsquo;association"},"content":{"rendered":"\t\t<div data-elementor-type=\"wp-page\" data-elementor-id=\"1350\" class=\"elementor elementor-1350\" data-elementor-post-type=\"page\">\n\t\t\t\t\t\t<section class=\"elementor-section elementor-top-section elementor-element elementor-element-484c5a02 animated-slow elementor-section-boxed elementor-section-height-default elementor-section-height-default elementor-invisible\" data-id=\"484c5a02\" data-element_type=\"section\" data-e-type=\"section\" data-settings=\"{&quot;background_background&quot;:&quot;gradient&quot;,&quot;animation&quot;:&quot;fadeIn&quot;}\">\n\t\t\t\t\t\t\t<div class=\"elementor-background-overlay\"><\/div>\n\t\t\t\t\t\t\t<div class=\"elementor-container elementor-column-gap-default\">\n\t\t\t\t\t<div class=\"elementor-column elementor-col-100 elementor-top-column elementor-element elementor-element-9252a62\" data-id=\"9252a62\" data-element_type=\"column\" data-e-type=\"column\">\n\t\t\t<div class=\"elementor-widget-wrap elementor-element-populated\">\n\t\t\t\t\t\t<div class=\"elementor-element elementor-element-1b8d839d elementor-widget elementor-widget-spacer\" data-id=\"1b8d839d\" data-element_type=\"widget\" data-e-type=\"widget\" data-widget_type=\"spacer.default\">\n\t\t\t\t<div class=\"elementor-widget-container\">\n\t\t\t\t\t\t\t<div class=\"elementor-spacer\">\n\t\t\t<div class=\"elementor-spacer-inner\"><\/div>\n\t\t<\/div>\n\t\t\t\t\t\t<\/div>\n\t\t\t\t<\/div>\n\t\t\t\t<div class=\"elementor-element elementor-element-53b1d24 elementor-widget elementor-widget-heading\" data-id=\"53b1d24\" data-element_type=\"widget\" data-e-type=\"widget\" data-widget_type=\"heading.default\">\n\t\t\t\t<div class=\"elementor-widget-container\">\n\t\t\t\t\t<h2 class=\"elementor-heading-title elementor-size-default\">LA CROISSANCE EST NOTRE OBJECTIF<\/h2>\t\t\t\t<\/div>\n\t\t\t\t<\/div>\n\t\t\t\t<div class=\"elementor-element elementor-element-735dfaf5 elementor-widget elementor-widget-heading\" data-id=\"735dfaf5\" data-element_type=\"widget\" data-e-type=\"widget\" data-widget_type=\"heading.default\">\n\t\t\t\t<div class=\"elementor-widget-container\">\n\t\t\t\t\t<h2 class=\"elementor-heading-title elementor-size-default\">Services de gestion d'association<\/h2>\t\t\t\t<\/div>\n\t\t\t\t<\/div>\n\t\t\t\t<div class=\"elementor-element elementor-element-c5fb88a elementor-widget-divider--view-line elementor-widget elementor-widget-divider\" data-id=\"c5fb88a\" data-element_type=\"widget\" data-e-type=\"widget\" data-widget_type=\"divider.default\">\n\t\t\t\t<div class=\"elementor-widget-container\">\n\t\t\t\t\t\t\t<div class=\"elementor-divider\">\n\t\t\t<span class=\"elementor-divider-separator\">\n\t\t\t\t\t\t<\/span>\n\t\t<\/div>\n\t\t\t\t\t\t<\/div>\n\t\t\t\t<\/div>\n\t\t\t\t<div class=\"elementor-element elementor-element-2da8ba83 elementor-widget elementor-widget-text-editor\" data-id=\"2da8ba83\" data-element_type=\"widget\" data-e-type=\"widget\" data-widget_type=\"text-editor.default\">\n\t\t\t\t<div class=\"elementor-widget-container\">\n\t\t\t\t\t\t\t\t\t<p>La communication, l&rsquo;\u00e9ducation et la croissance sont au c\u0153ur de la strat\u00e9gie globale de toute association. Maintenir tous les aspects de vos donn\u00e9es et savoir comment formuler vos messages sont des \u00e9l\u00e9ments cruciaux pour le succ\u00e8s de votre organisation. L&rsquo;\u00e9valuation et la gestion des donn\u00e9es, ax\u00e9es sur la qualit\u00e9 et la pr\u00e9cision, associ\u00e9es \u00e0 une strat\u00e9gie de communication sur mesure, permettent \u00e0 votre organisation de fournir un contenu convaincant et d&rsquo;utiliser les canaux existants et nouveaux pour fid\u00e9liser et attirer les membres de mani\u00e8re efficace. Gr\u00e2ce \u00e0 notre expertise, votre association peut prendre des d\u00e9cisions \u00e9clair\u00e9es et atteindre ses objectifs. Contactez-nous pour en savoir plus sur la fa\u00e7on dont nous pouvons aider votre organisation \u00e0 prosp\u00e9rer.<\/p>\t\t\t\t\t\t\t\t<\/div>\n\t\t\t\t<\/div>\n\t\t\t\t<div class=\"elementor-element elementor-element-2783a8cf elementor-align-left elementor-tablet-align-left elementor-mobile-align-left elementor-widget elementor-widget-button\" data-id=\"2783a8cf\" data-element_type=\"widget\" data-e-type=\"widget\" data-widget_type=\"button.default\">\n\t\t\t\t<div class=\"elementor-widget-container\">\n\t\t\t\t\t\t\t\t\t<div class=\"elementor-button-wrapper\">\n\t\t\t\t\t<a class=\"elementor-button elementor-button-link elementor-size-sm\" href=\"https:\/\/kwmconsulting.com\/\">\n\t\t\t\t\t\t<span class=\"elementor-button-content-wrapper\">\n\t\t\t\t\t\t\t\t\t<span class=\"elementor-button-text\">Retour \u00e0 l'accueil<\/span>\n\t\t\t\t\t<\/span>\n\t\t\t\t\t<\/a>\n\t\t\t\t<\/div>\n\t\t\t\t\t\t\t\t<\/div>\n\t\t\t\t<\/div>\n\t\t\t\t\t<\/div>\n\t\t<\/div>\n\t\t\t\t\t<\/div>\n\t\t<\/section>\n\t\t\t\t<\/div>\n\t\t","protected":false},"excerpt":{"rendered":"<p>LA CROISSANCE EST NOTRE OBJECTIF Services de gestion d&rsquo;association La communication, l&rsquo;\u00e9ducation et la croissance sont au c\u0153ur de la strat\u00e9gie globale de toute association. Maintenir tous les aspects de vos donn\u00e9es et savoir comment formuler vos messages sont des \u00e9l\u00e9ments cruciaux pour le succ\u00e8s de votre organisation. L&rsquo;\u00e9valuation et la gestion des donn\u00e9es, ax\u00e9es [&hellip;]<\/p>\n","protected":false},"author":1,"featured_media":0,"parent":0,"menu_order":0,"comment_status":"closed","ping_status":"closed","template":"elementor_header_footer","meta":{"footnotes":""},"class_list":["post-1350","page","type-page","status-publish","hentry"],"yoast_head":"<!-- This site is optimized with the Yoast SEO plugin v27.5 - https:\/\/yoast.com\/product\/yoast-seo-wordpress\/ -->\n<title>Services de gestion d&#039;association - KWM Consulting<\/title>\n<meta name=\"description\" content=\"La communication et croissance sont au c\u0153ur de la strat\u00e9gie globale de toute association. Avec notre expertise, prenez des d\u00e9cisions \u00e9clair\u00e9es.\" \/>\n<meta name=\"robots\" content=\"index, follow, max-snippet:-1, max-image-preview:large, max-video-preview:-1\" \/>\n<link rel=\"canonical\" href=\"https:\/\/kwmconsulting.com\/fr\/services-de-gestion-dassociation\/\" \/>\n<meta property=\"og:locale\" content=\"fr_FR\" \/>\n<meta property=\"og:type\" content=\"article\" \/>\n<meta property=\"og:title\" content=\"Services de gestion d&#039;association - KWM Consulting\" \/>\n<meta property=\"og:description\" content=\"La communication et croissance sont au c\u0153ur de la strat\u00e9gie globale de toute association. Avec notre expertise, prenez des d\u00e9cisions \u00e9clair\u00e9es.\" \/>\n<meta property=\"og:url\" content=\"https:\/\/kwmconsulting.com\/fr\/services-de-gestion-dassociation\/\" \/>\n<meta property=\"og:site_name\" content=\"KWM Consulting\" \/>\n<meta property=\"article:modified_time\" content=\"2023-03-28T11:56:51+00:00\" \/>\n<meta name=\"twitter:card\" content=\"summary_large_image\" \/>\n<meta name=\"twitter:label1\" content=\"Dur\u00e9e de lecture estim\u00e9e\" \/>\n\t<meta name=\"twitter:data1\" content=\"1 minute\" \/>\n<script type=\"application\/ld+json\" class=\"yoast-schema-graph\">{\"@context\":\"https:\\\/\\\/schema.org\",\"@graph\":[{\"@type\":\"WebPage\",\"@id\":\"https:\\\/\\\/kwmconsulting.com\\\/fr\\\/services-de-gestion-dassociation\\\/\",\"url\":\"https:\\\/\\\/kwmconsulting.com\\\/fr\\\/services-de-gestion-dassociation\\\/\",\"name\":\"Services de gestion d'association - KWM Consulting\",\"isPartOf\":{\"@id\":\"https:\\\/\\\/kwmconsulting.com\\\/fr\\\/#website\"},\"datePublished\":\"2023-03-28T02:04:58+00:00\",\"dateModified\":\"2023-03-28T11:56:51+00:00\",\"description\":\"La communication et croissance sont au c\u0153ur de la strat\u00e9gie globale de toute association. Avec notre expertise, prenez des d\u00e9cisions \u00e9clair\u00e9es.\",\"breadcrumb\":{\"@id\":\"https:\\\/\\\/kwmconsulting.com\\\/fr\\\/services-de-gestion-dassociation\\\/#breadcrumb\"},\"inLanguage\":\"fr-FR\",\"potentialAction\":[{\"@type\":\"ReadAction\",\"target\":[\"https:\\\/\\\/kwmconsulting.com\\\/fr\\\/services-de-gestion-dassociation\\\/\"]}]},{\"@type\":\"BreadcrumbList\",\"@id\":\"https:\\\/\\\/kwmconsulting.com\\\/fr\\\/services-de-gestion-dassociation\\\/#breadcrumb\",\"itemListElement\":[{\"@type\":\"ListItem\",\"position\":1,\"name\":\"Home\",\"item\":\"https:\\\/\\\/kwmconsulting.com\\\/fr\\\/newhome\\\/\"},{\"@type\":\"ListItem\",\"position\":2,\"name\":\"Services de gestion d&#8217;association\"}]},{\"@type\":\"WebSite\",\"@id\":\"https:\\\/\\\/kwmconsulting.com\\\/fr\\\/#website\",\"url\":\"https:\\\/\\\/kwmconsulting.com\\\/fr\\\/\",\"name\":\"KWM Consulting\",\"description\":\"\",\"potentialAction\":[{\"@type\":\"SearchAction\",\"target\":{\"@type\":\"EntryPoint\",\"urlTemplate\":\"https:\\\/\\\/kwmconsulting.com\\\/fr\\\/?s={search_term_string}\"},\"query-input\":{\"@type\":\"PropertyValueSpecification\",\"valueRequired\":true,\"valueName\":\"search_term_string\"}}],\"inLanguage\":\"fr-FR\"}]}<\/script>\n<!-- \/ Yoast SEO plugin. -->","yoast_head_json":{"title":"Services de gestion d'association - KWM Consulting","description":"La communication et croissance sont au c\u0153ur de la strat\u00e9gie globale de toute association. Avec notre expertise, prenez des d\u00e9cisions \u00e9clair\u00e9es.","robots":{"index":"index","follow":"follow","max-snippet":"max-snippet:-1","max-image-preview":"max-image-preview:large","max-video-preview":"max-video-preview:-1"},"canonical":"https:\/\/kwmconsulting.com\/fr\/services-de-gestion-dassociation\/","og_locale":"fr_FR","og_type":"article","og_title":"Services de gestion d'association - KWM Consulting","og_description":"La communication et croissance sont au c\u0153ur de la strat\u00e9gie globale de toute association. Avec notre expertise, prenez des d\u00e9cisions \u00e9clair\u00e9es.","og_url":"https:\/\/kwmconsulting.com\/fr\/services-de-gestion-dassociation\/","og_site_name":"KWM Consulting","article_modified_time":"2023-03-28T11:56:51+00:00","twitter_card":"summary_large_image","twitter_misc":{"Dur\u00e9e de lecture estim\u00e9e":"1 minute"},"schema":{"@context":"https:\/\/schema.org","@graph":[{"@type":"WebPage","@id":"https:\/\/kwmconsulting.com\/fr\/services-de-gestion-dassociation\/","url":"https:\/\/kwmconsulting.com\/fr\/services-de-gestion-dassociation\/","name":"Services de gestion d'association - KWM Consulting","isPartOf":{"@id":"https:\/\/kwmconsulting.com\/fr\/#website"},"datePublished":"2023-03-28T02:04:58+00:00","dateModified":"2023-03-28T11:56:51+00:00","description":"La communication et croissance sont au c\u0153ur de la strat\u00e9gie globale de toute association. Avec notre expertise, prenez des d\u00e9cisions \u00e9clair\u00e9es.","breadcrumb":{"@id":"https:\/\/kwmconsulting.com\/fr\/services-de-gestion-dassociation\/#breadcrumb"},"inLanguage":"fr-FR","potentialAction":[{"@type":"ReadAction","target":["https:\/\/kwmconsulting.com\/fr\/services-de-gestion-dassociation\/"]}]},{"@type":"BreadcrumbList","@id":"https:\/\/kwmconsulting.com\/fr\/services-de-gestion-dassociation\/#breadcrumb","itemListElement":[{"@type":"ListItem","position":1,"name":"Home","item":"https:\/\/kwmconsulting.com\/fr\/newhome\/"},{"@type":"ListItem","position":2,"name":"Services de gestion d&#8217;association"}]},{"@type":"WebSite","@id":"https:\/\/kwmconsulting.com\/fr\/#website","url":"https:\/\/kwmconsulting.com\/fr\/","name":"KWM Consulting","description":"","potentialAction":[{"@type":"SearchAction","target":{"@type":"EntryPoint","urlTemplate":"https:\/\/kwmconsulting.com\/fr\/?s={search_term_string}"},"query-input":{"@type":"PropertyValueSpecification","valueRequired":true,"valueName":"search_term_string"}}],"inLanguage":"fr-FR"}]}},"_links":{"self":[{"href":"https:\/\/kwmconsulting.com\/fr\/wp-json\/wp\/v2\/pages\/1350","targetHints":{"allow":["GET"]}}],"collection":[{"href":"https:\/\/kwmconsulting.com\/fr\/wp-json\/wp\/v2\/pages"}],"about":[{"href":"https:\/\/kwmconsulting.com\/fr\/wp-json\/wp\/v2\/types\/page"}],"author":[{"embeddable":true,"href":"https:\/\/kwmconsulting.com\/fr\/wp-json\/wp\/v2\/users\/1"}],"replies":[{"embeddable":true,"href":"https:\/\/kwmconsulting.com\/fr\/wp-json\/wp\/v2\/comments?post=1350"}],"version-history":[{"count":9,"href":"https:\/\/kwmconsulting.com\/fr\/wp-json\/wp\/v2\/pages\/1350\/revisions"}],"predecessor-version":[{"id":1363,"href":"https:\/\/kwmconsulting.com\/fr\/wp-json\/wp\/v2\/pages\/1350\/revisions\/1363"}],"wp:attachment":[{"href":"https:\/\/kwmconsulting.com\/fr\/wp-json\/wp\/v2\/media?parent=1350"}],"curies":[{"name":"wp","href":"https:\/\/api.w.org\/{rel}","templated":true}]}}